{"id":1147,"date":"2020-01-21T22:06:25","date_gmt":"2020-01-21T20:06:25","guid":{"rendered":"https:\/\/tiviasavo.fi\/new\/?page_id=1147"},"modified":"2023-05-30T20:42:16","modified_gmt":"2023-05-30T17:42:16","slug":"hallitus-2020","status":"publish","type":"page","link":"https:\/\/tiviasavo.fi\/new\/?page_id=1147","title":{"rendered":"Hallitus 2023"},"content":{"rendered":"\n<div class=\"wp-block-group alignfull\"><div class=\"wp-block-group__inner-container is-layout-flow wp-block-group-is-layout-flow\">\n<div class=\"wp-block-cover alignfull\" style=\"min-height:58px;aspect-ratio:unset;\"><span aria-hidden=\"true\" class=\"wp-block-cover__gradient-background has-background-dim\"><\/span><img loading=\"lazy\" decoding=\"async\" width=\"1920\" height=\"480\" class=\"wp-block-cover__image-background wp-image-1574\" alt=\"\" src=\"https:\/\/tiviasavo.fi\/new\/wp-content\/uploads\/2022\/05\/viiva-1.jpg\" data-object-fit=\"cover\" srcset=\"https:\/\/tiviasavo.fi\/new\/wp-content\/uploads\/2022\/05\/viiva-1.jpg 1920w, https:\/\/tiviasavo.fi\/new\/wp-content\/uploads\/2022\/05\/viiva-1-300x75.jpg 300w, https:\/\/tiviasavo.fi\/new\/wp-content\/uploads\/2022\/05\/viiva-1-1024x256.jpg 1024w, https:\/\/tiviasavo.fi\/new\/wp-content\/uploads\/2022\/05\/viiva-1-768x192.jpg 768w, https:\/\/tiviasavo.fi\/new\/wp-content\/uploads\/2022\/05\/viiva-1-1536x384.jpg 1536w\" sizes=\"auto, (max-width: 1920px) 100vw, 1920px\" \/><div class=\"wp-block-cover__inner-container is-layout-flow wp-block-cover-is-layout-flow\">\n<p class=\"has-text-align-center has-large-font-size\">Hallitus<\/p>\n<\/div><\/div>\n<\/div><\/div>\n\n\n\n<figure class=\"wp-block-table is-style-regular\"><table><tbody><tr><td>Puheenjohtaja:<\/td><td>Jarkko Laine<\/td><\/tr><tr><td>Varapuheenjohtaja:<\/td><td>Matti Korhonen<\/td><\/tr><tr><td>Sihteeri:<\/td><td>Tapio Vainikainen<\/td><\/tr><tr><td>Taloudenhoitaja:<\/td><td>Marianne Amnorin<\/td><\/tr><tr><td>&nbsp;<\/td><td>Hannu Korhonen<\/td><\/tr><tr><td><\/td><td>Jukka A. Ord\u00e9n<\/td><\/tr><tr><td><\/td><td>Simo Turunen<\/td><\/tr><tr><td>Varaj\u00e4senet:<\/td><td>Tapio Vainio<\/td><\/tr><tr><td>&nbsp;<\/td><td>Janne Saarela<\/td><\/tr><tr><td>&nbsp;<\/td><td>Ari Kek\u00e4l\u00e4inen<\/td><\/tr><tr><td><\/td><td>Pirjo Kein\u00e4nen<\/td><\/tr><tr><td>Liittokokousedustaja:<\/td><td>Jarkko Laine (TIVIA ry hallituksen j\u00e4sen)<\/td><\/tr><\/tbody><\/table><\/figure>\n\n\n\n<p>Hallituksen s\u00e4hk\u00f6postiosoite:&nbsp; hallitus@tiviasavo.fi<strong><br><\/strong><\/p>\n\n\n\n<p>Hallitus kokoontuu vuonna 2023 tarpeen mukaan<\/p>\n<div class=\"pvc_clear\"><\/div><p id=\"pvc_stats_1147\" class=\"pvc_stats all  \" data-element-id=\"1147\" style=\"\"><i class=\"pvc-stats-icon medium\" aria-hidden=\"true\"><svg aria-hidden=\"true\" focusable=\"false\" data-prefix=\"far\" data-icon=\"chart-bar\" role=\"img\" xmlns=\"http:\/\/www.w3.org\/2000\/svg\" viewBox=\"0 0 512 512\" class=\"svg-inline--fa fa-chart-bar fa-w-16 fa-2x\"><path fill=\"currentColor\" d=\"M396.8 352h22.4c6.4 0 12.8-6.4 12.8-12.8V108.8c0-6.4-6.4-12.8-12.8-12.8h-22.4c-6.4 0-12.8 6.4-12.8 12.8v230.4c0 6.4 6.4 12.8 12.8 12.8zm-192 0h22.4c6.4 0 12.8-6.4 12.8-12.8V140.8c0-6.4-6.4-12.8-12.8-12.8h-22.4c-6.4 0-12.8 6.4-12.8 12.8v198.4c0 6.4 6.4 12.8 12.8 12.8zm96 0h22.4c6.4 0 12.8-6.4 12.8-12.8V204.8c0-6.4-6.4-12.8-12.8-12.8h-22.4c-6.4 0-12.8 6.4-12.8 12.8v134.4c0 6.4 6.4 12.8 12.8 12.8zM496 400H48V80c0-8.84-7.16-16-16-16H16C7.16 64 0 71.16 0 80v336c0 17.67 14.33 32 32 32h464c8.84 0 16-7.16 16-16v-16c0-8.84-7.16-16-16-16zm-387.2-48h22.4c6.4 0 12.8-6.4 12.8-12.8v-70.4c0-6.4-6.4-12.8-12.8-12.8h-22.4c-6.4 0-12.8 6.4-12.8 12.8v70.4c0 6.4 6.4 12.8 12.8 12.8z\" class=\"\"><\/path><\/svg><\/i> <img loading=\"lazy\" decoding=\"async\" width=\"16\" height=\"16\" alt=\"Loading\" src=\"https:\/\/tiviasavo.fi\/new\/wp-content\/plugins\/page-views-count\/ajax-loader-2x.gif\" border=0 \/><\/p><div class=\"pvc_clear\"><\/div>","protected":false},"excerpt":{"rendered":"<p>Puheenjohtaja: Jarkko Laine Varapuheenjohtaja: Matti Korhonen Sihteeri: Tapio Vainikainen Taloudenhoitaja: Marianne Amnorin &nbsp; Hannu Korhonen Jukka A. Ord\u00e9n Simo Turunen Varaj\u00e4senet: Tapio Vainio &nbsp; Janne Saarela &nbsp; Ari Kek\u00e4l\u00e4inen Pirjo [&hellip;]<\/p>\n<div class=\"pvc_clear\"><\/div>\n<p id=\"pvc_stats_1147\" class=\"pvc_stats all  \" data-element-id=\"1147\" style=\"\"><i class=\"pvc-stats-icon medium\" aria-hidden=\"true\"><svg aria-hidden=\"true\" focusable=\"false\" data-prefix=\"far\" data-icon=\"chart-bar\" role=\"img\" xmlns=\"http:\/\/www.w3.org\/2000\/svg\" viewBox=\"0 0 512 512\" class=\"svg-inline--fa fa-chart-bar fa-w-16 fa-2x\"><path fill=\"currentColor\" d=\"M396.8 352h22.4c6.4 0 12.8-6.4 12.8-12.8V108.8c0-6.4-6.4-12.8-12.8-12.8h-22.4c-6.4 0-12.8 6.4-12.8 12.8v230.4c0 6.4 6.4 12.8 12.8 12.8zm-192 0h22.4c6.4 0 12.8-6.4 12.8-12.8V140.8c0-6.4-6.4-12.8-12.8-12.8h-22.4c-6.4 0-12.8 6.4-12.8 12.8v198.4c0 6.4 6.4 12.8 12.8 12.8zm96 0h22.4c6.4 0 12.8-6.4 12.8-12.8V204.8c0-6.4-6.4-12.8-12.8-12.8h-22.4c-6.4 0-12.8 6.4-12.8 12.8v134.4c0 6.4 6.4 12.8 12.8 12.8zM496 400H48V80c0-8.84-7.16-16-16-16H16C7.16 64 0 71.16 0 80v336c0 17.67 14.33 32 32 32h464c8.84 0 16-7.16 16-16v-16c0-8.84-7.16-16-16-16zm-387.2-48h22.4c6.4 0 12.8-6.4 12.8-12.8v-70.4c0-6.4-6.4-12.8-12.8-12.8h-22.4c-6.4 0-12.8 6.4-12.8 12.8v70.4c0 6.4 6.4 12.8 12.8 12.8z\" class=\"\"><\/path><\/svg><\/i> <img loading=\"lazy\" decoding=\"async\" width=\"16\" height=\"16\" alt=\"Loading\" src=\"https:\/\/tiviasavo.fi\/new\/wp-content\/plugins\/page-views-count\/ajax-loader-2x.gif\" border=0 \/><\/p>\n<div class=\"pvc_clear\"><\/div>\n","protected":false},"author":8,"featured_media":0,"parent":0,"menu_order":3,"comment_status":"closed","ping_status":"closed","template":"","meta":{"_EventAllDay":false,"_EventTimezone":"","_EventStartDate":"","_EventEndDate":"","_EventStartDateUTC":"","_EventEndDateUTC":"","_EventShowMap":false,"_EventShowMapLink":false,"_EventURL":"","_EventCost":"","_EventCostDescription":"","_EventCurrencySymbol":"","_EventCurrencyCode":"","_EventCurrencyPosition":"","_EventDateTimeSeparator":"","_EventTimeRangeSeparator":"","_EventOrganizerID":[],"_EventVenueID":[],"_OrganizerEmail":"","_OrganizerPhone":"","_OrganizerWebsite":"","_VenueAddress":"","_VenueCity":"","_VenueCountry":"","_VenueProvince":"","_VenueState":"","_VenueZip":"","_VenuePhone":"","_VenueURL":"","_VenueStateProvince":"","_VenueLat":"","_VenueLng":"","_VenueShowMap":false,"_VenueShowMapLink":false,"footnotes":""},"class_list":["post-1147","page","type-page","status-publish","hentry"],"a3_pvc":{"activated":true,"total_views":550,"today_views":0},"_links":{"self":[{"href":"https:\/\/tiviasavo.fi\/new\/index.php?rest_route=\/wp\/v2\/pages\/1147","targetHints":{"allow":["GET"]}}],"collection":[{"href":"https:\/\/tiviasavo.fi\/new\/index.php?rest_route=\/wp\/v2\/pages"}],"about":[{"href":"https:\/\/tiviasavo.fi\/new\/index.php?rest_route=\/wp\/v2\/types\/page"}],"author":[{"embeddable":true,"href":"https:\/\/tiviasavo.fi\/new\/index.php?rest_route=\/wp\/v2\/users\/8"}],"replies":[{"embeddable":true,"href":"https:\/\/tiviasavo.fi\/new\/index.php?rest_route=%2Fwp%2Fv2%2Fcomments&post=1147"}],"version-history":[{"count":22,"href":"https:\/\/tiviasavo.fi\/new\/index.php?rest_route=\/wp\/v2\/pages\/1147\/revisions"}],"predecessor-version":[{"id":1712,"href":"https:\/\/tiviasavo.fi\/new\/index.php?rest_route=\/wp\/v2\/pages\/1147\/revisions\/1712"}],"wp:attachment":[{"href":"https:\/\/tiviasavo.fi\/new\/index.php?rest_route=%2Fwp%2Fv2%2Fmedia&parent=1147"}],"curies":[{"name":"wp","href":"https:\/\/api.w.org\/{rel}","templated":true}]}}